{"id":271,"date":"2017-11-26T19:10:53","date_gmt":"2017-11-26T19:10:53","guid":{"rendered":"http:\/\/pju.org\/?page_id=271"},"modified":"2018-04-06T01:12:20","modified_gmt":"2018-04-06T01:12:20","slug":"sobre-nosotros","status":"publish","type":"page","link":"https:\/\/pju-upj.org\/?page_id=271","title":{"rendered":"Sobre Nosotros"},"content":{"rendered":"<div id=\"td_uid_1_69e3632a87c32\" class=\"tdc-row\"><div class=\"vc_row td_uid_1_69e3632a87c3e_rand  wpb_row td-pb-row\" ><div class=\"vc_column td_uid_2_69e3632a87cf2_rand  wpb_column vc_column_container td-pb-span6\"><div class=\"wpb_wrapper\"><div class=\"wpb_wrapper wpb_text_column td_block_wrap td_block_wrap vc_column_text td_uid_3_69e3632a87da5_rand  td-pb-border-top td_block_template_8\"  data-td-block-uid=\"td_uid_3_69e3632a87da5\" \"><div class=\"td-block-title-wrap\"><\/div><p><img decoding=\"async\" loading=\"lazy\" class=\"aligncenter size-full wp-image-546\" src=\"http:\/\/pju.org\/wp-content\/uploads\/2018\/04\/judo-imagen.jpg\" alt=\"\" width=\"612\" height=\"510\" srcset=\"https:\/\/pju-upj.org\/wp-content\/uploads\/2018\/04\/judo-imagen.jpg 612w, https:\/\/pju-upj.org\/wp-content\/uploads\/2018\/04\/judo-imagen-300x250.jpg 300w, https:\/\/pju-upj.org\/wp-content\/uploads\/2018\/04\/judo-imagen-504x420.jpg 504w\" sizes=\"(max-width: 612px) 100vw, 612px\" \/><\/p>\n<\/div><\/div><\/div><div class=\"vc_column td_uid_4_69e3632a89d09_rand  wpb_column vc_column_container td-pb-span6\"><div class=\"wpb_wrapper\"><div class=\"wpb_wrapper wpb_text_column td_block_wrap td_block_wrap vc_column_text td_uid_5_69e3632a89d5f_rand  td-pb-border-top td_block_template_8\"  data-td-block-uid=\"td_uid_5_69e3632a89d5f\" \"><div class=\"td-block-title-wrap\"><\/div><p>Somos\u00a0Uni\u00f3n Panamericana de Judo (UPJ)<\/p>\n<p>Es una asociaci\u00f3n de esta disciplina marcial convertida en deporte ol\u00edmpico que est\u00e1 conformada por las organizaciones nacionales del Continente Americano. Ha sido organizada para funcionar exclusivamente con los prop\u00f3sitos educativos y deportivos especificos y ninguna parte de sus ingresos podr\u00e1n servir para el provecho personal de afiliado alguno.<br \/>\nPor lo tanto no se permitir\u00e1 ning\u00fan tipo de discriminacion social de raza, religi\u00f3n, sexo, etc.<\/p>\n<\/div><\/div><\/div><\/div><\/div>","protected":false},"excerpt":{"rendered":"Somos\u00a0Uni\u00f3n Panamericana de Judo (UPJ) Es una asociaci\u00f3n de esta disciplina marcial convertida en deporte ol\u00edmpico que est\u00e1 conformada por las organizaciones nacionales del Continente Americano. Ha sido organizada para funcionar exclusivamente con los prop\u00f3sitos educativos y deportivos especificos y ninguna parte de sus ingresos podr\u00e1n servir para el provecho personal de afiliado alguno. Por [...]","protected":false},"author":1,"featured_media":0,"parent":0,"menu_order":0,"comment_status":"closed","ping_status":"closed","template":"","meta":[],"_links":{"self":[{"href":"https:\/\/pju-upj.org\/index.php?rest_route=\/wp\/v2\/pages\/271"}],"collection":[{"href":"https:\/\/pju-upj.org\/index.php?rest_route=\/wp\/v2\/pages"}],"about":[{"href":"https:\/\/pju-upj.org\/index.php?rest_route=\/wp\/v2\/types\/page"}],"author":[{"embeddable":true,"href":"https:\/\/pju-upj.org\/index.php?rest_route=\/wp\/v2\/users\/1"}],"replies":[{"embeddable":true,"href":"https:\/\/pju-upj.org\/index.php?rest_route=%2Fwp%2Fv2%2Fcomments&post=271"}],"version-history":[{"count":7,"href":"https:\/\/pju-upj.org\/index.php?rest_route=\/wp\/v2\/pages\/271\/revisions"}],"predecessor-version":[{"id":547,"href":"https:\/\/pju-upj.org\/index.php?rest_route=\/wp\/v2\/pages\/271\/revisions\/547"}],"wp:attachment":[{"href":"https:\/\/pju-upj.org\/index.php?rest_route=%2Fwp%2Fv2%2Fmedia&parent=271"}],"curies":[{"name":"wp","href":"https:\/\/api.w.org\/{rel}","templated":true}]}}